{"id":12954,"date":"2020-08-27T08:23:10","date_gmt":"2020-08-27T08:23:10","guid":{"rendered":"https:\/\/paulinasalazar.com\/?page_id=12954"},"modified":"2025-10-14T02:20:13","modified_gmt":"2025-10-14T08:20:13","slug":"aviso-de-privacidad","status":"publish","type":"page","link":"https:\/\/paulinasalazar.com\/en\/aviso-de-privacidad\/","title":{"rendered":"Privacy notice"},"content":{"rendered":"<div data-elementor-type=\"wp-page\" data-elementor-id=\"12954\" class=\"elementor elementor-12954\" data-elementor-post-type=\"page\">\n\t\t\t\t\t\t<section class=\"elementor-section elementor-top-section elementor-element elementor-element-da26866 elementor-section-boxed elementor-section-height-default elementor-section-height-default sc_fly_static\" data-id=\"da26866\" data-element_type=\"section\" data-e-type=\"section\">\n\t\t\t\t\t\t<div class=\"elementor-container elementor-column-gap-extended\">\n\t\t\t\t\t<div class=\"elementor-column elementor-col-100 elementor-top-column elementor-element elementor-element-70cb650 sc_content_align_inherit sc_layouts_column_icons_position_left sc_fly_static\" data-id=\"70cb650\" data-element_type=\"column\" data-e-type=\"column\">\n\t\t\t<div class=\"elementor-widget-wrap elementor-element-populated\">\n\t\t\t\t\t\t<div class=\"elementor-element elementor-element-b7522b6 sc_fly_static elementor-widget elementor-widget-heading\" data-id=\"b7522b6\" data-element_type=\"widget\" data-e-type=\"widget\" data-widget_type=\"heading.default\">\n\t\t\t\t<div class=\"elementor-widget-container\">\n\t\t\t\t\t<h2 class=\"elementor-heading-title elementor-size-default\">Privacy notice<\/h2>\t\t\t\t<\/div>\n\t\t\t\t<\/div>\n\t\t\t\t<div class=\"elementor-element elementor-element-21047f6 sc_fly_static elementor-widget elementor-widget-text-editor\" data-id=\"21047f6\" data-element_type=\"widget\" data-e-type=\"widget\" data-widget_type=\"text-editor.default\">\n\t\t\t\t<div class=\"elementor-widget-container\">\n\t\t\t\t\t\t\t\t\t<p><span style=\"color: #1d1d1d;\"><b>Paulina Salazar<\/b><\/span> est\u00e1 comprometida con la protecci\u00f3n de tus datos personales. El presente Aviso de Privacidad tiene como finalidad informarte sobre la manera en que recabamos, utilizamos, divulgamos y protegemos tu informaci\u00f3n personal cuando interact\u00faas con nosotros a trav\u00e9s de nuestro sitio web www.paulinasalazar.com<\/p><ol><li><strong> Datos Personales que Recabamos:<\/strong><\/li><\/ol><p>Cuando visitas nuestro Sitio Web o te pones en contacto con nosotros, podemos recabar los siguientes datos personales:<\/p><ul><li>Nombre completo<\/li><li>Email<\/li><li>N\u00famero de tel\u00e9fono<\/li><li>Direcci\u00f3n<\/li><li>Informaci\u00f3n de facturaci\u00f3n<\/li><li>Historial de compras<\/li><li>Preferencias de productos<\/li><\/ul><ol start=\"2\"><li><strong> Finalidades del Tratamiento de tus Datos Personales:<\/strong><\/li><\/ol><p>Tus datos personales ser\u00e1n utilizados para las siguientes finalidades:<\/p><ul><li>Procesar tus pedidos y realizar entregas.<\/li><li>Proporcionarte informaci\u00f3n sobre nuestros productos y servicios.<\/li><li>Responder a tus preguntas y solicitudes.<\/li><li>Mejorar nuestros productos y servicios.<\/li><li>Personalizar tu experiencia en nuestro Sitio Web.<\/li><li>Cumplir con obligaciones legales.<\/li><\/ul><ol start=\"3\"><li><strong> Transferencia de Datos Personales:<\/strong><\/li><\/ol><p>Tus datos personales pueden ser compartidos con terceros de confianza que nos prestan servicios, como proveedores de servicios de pago, env\u00edo y an\u00e1lisis de datos. Estos terceros est\u00e1n obligados a proteger tu informaci\u00f3n de acuerdo con este Aviso de Privacidad.<\/p><ol start=\"4\"><li><strong> Derechos ARCO:<\/strong><\/li><\/ol><p>Tienes derecho a acceder, rectificar, cancelar u oponerte al tratamiento de tus datos personales. Para ejercer estos derechos, puedes enviar una solicitud a contacto@paulinasalazar.com<\/p><ol start=\"5\"><li><strong> Seguridad de tus Datos Personales:<\/strong><\/li><\/ol><p>Implementamos medidas de seguridad administrativas, t\u00e9cnicas y f\u00edsicas para proteger tus datos personales de acceso no autorizado, alteraci\u00f3n, divulgaci\u00f3n o destrucci\u00f3n.<\/p><ol start=\"6\"><li><strong> Cambios al Aviso de Privacidad:<\/strong><\/li><\/ol><p>Nos reservamos el derecho de modificar este Aviso de Privacidad en cualquier momento. Te notificaremos sobre cualquier cambio significativo a trav\u00e9s de nuestro Sitio Web.<\/p><ol start=\"7\"><li><strong> Aceptaci\u00f3n:<\/strong><\/li><\/ol><p>Al utilizar nuestro Sitio Web, aceptas los t\u00e9rminos de este Aviso de Privacidad.<\/p><p>\u00daltima fecha de actualizaci\u00f3n: 14\/10\/2025.<\/p>\t\t\t\t\t\t\t\t<\/div>\n\t\t\t\t<\/div>\n\t\t\t\t\t<\/div>\n\t\t<\/div>\n\t\t\t\t\t<\/div>\n\t\t<\/section>\n\t\t\t\t<\/div>","protected":false},"excerpt":{"rendered":"<p>Aviso de privacidad Paulina Salazar est\u00e1 comprometida con la protecci\u00f3n de tus datos personales. El presente Aviso de Privacidad tiene como finalidad informarte sobre la manera en que recabamos, utilizamos,&hellip;<\/p>","protected":false},"author":1,"featured_media":0,"parent":0,"menu_order":0,"comment_status":"closed","ping_status":"closed","template":"","meta":{"_joinchat":[],"footnotes":""},"class_list":["post-12954","page","type-page","status-publish","hentry"],"_links":{"self":[{"href":"https:\/\/paulinasalazar.com\/en\/wp-json\/wp\/v2\/pages\/12954","targetHints":{"allow":["GET"]}}],"collection":[{"href":"https:\/\/paulinasalazar.com\/en\/wp-json\/wp\/v2\/pages"}],"about":[{"href":"https:\/\/paulinasalazar.com\/en\/wp-json\/wp\/v2\/types\/page"}],"author":[{"embeddable":true,"href":"https:\/\/paulinasalazar.com\/en\/wp-json\/wp\/v2\/users\/1"}],"replies":[{"embeddable":true,"href":"https:\/\/paulinasalazar.com\/en\/wp-json\/wp\/v2\/comments?post=12954"}],"version-history":[{"count":7,"href":"https:\/\/paulinasalazar.com\/en\/wp-json\/wp\/v2\/pages\/12954\/revisions"}],"predecessor-version":[{"id":34633,"href":"https:\/\/paulinasalazar.com\/en\/wp-json\/wp\/v2\/pages\/12954\/revisions\/34633"}],"wp:attachment":[{"href":"https:\/\/paulinasalazar.com\/en\/wp-json\/wp\/v2\/media?parent=12954"}],"curies":[{"name":"wp","href":"https:\/\/api.w.org\/{rel}","templated":true}]}}