{"id":19421,"date":"2023-06-19T08:49:44","date_gmt":"2023-06-19T08:49:44","guid":{"rendered":"https:\/\/paulinasalazar.com\/?page_id=19421"},"modified":"2026-03-12T12:51:38","modified_gmt":"2026-03-12T18:51:38","slug":"sobre-nosotros","status":"publish","type":"page","link":"https:\/\/paulinasalazar.com\/en\/sobre-nosotros\/","title":{"rendered":"About us"},"content":{"rendered":"\t\t<div data-elementor-type=\"wp-page\" data-elementor-id=\"19421\" class=\"elementor elementor-19421\" data-elementor-post-type=\"page\">\n\t\t\t\t\t\t<section class=\"elementor-section elementor-top-section elementor-element elementor-element-3063cd9 sc_layouts_hide_on_notebook sc_layouts_hide_on_tablet elementor-section-boxed elementor-section-height-default elementor-section-height-default sc_fly_static\" data-id=\"3063cd9\" data-element_type=\"section\" data-e-type=\"section\">\n\t\t\t\t\t\t<div class=\"elementor-container elementor-column-gap-extended\">\n\t\t\t\t\t<div class=\"elementor-column elementor-col-100 elementor-top-column elementor-element elementor-element-f496ae5 sc_content_align_inherit sc_layouts_column_icons_position_left sc_fly_static\" data-id=\"f496ae5\" data-element_type=\"column\" data-e-type=\"column\">\n\t\t\t<div class=\"elementor-widget-wrap elementor-element-populated\">\n\t\t\t\t\t\t<div class=\"elementor-element elementor-element-360e2fe sc_height_huge sc_layouts_hide_on_notebook sc_fly_static elementor-widget elementor-widget-spacer\" data-id=\"360e2fe\" data-element_type=\"widget\" data-e-type=\"widget\" data-widget_type=\"spacer.default\">\n\t\t\t\t<div class=\"elementor-widget-container\">\n\t\t\t\t\t\t\t<div class=\"elementor-spacer\">\n\t\t\t<div class=\"elementor-spacer-inner\"><\/div>\n\t\t<\/div>\n\t\t\t\t\t\t<\/div>\n\t\t\t\t<\/div>\n\t\t\t\t\t<\/div>\n\t\t<\/div>\n\t\t\t\t\t<\/div>\n\t\t<\/section>\n\t\t\t\t<section class=\"elementor-section elementor-top-section elementor-element elementor-element-73e2d204 elementor-section-boxed elementor-section-height-default elementor-section-height-default sc_fly_static\" data-id=\"73e2d204\" data-element_type=\"section\" data-e-type=\"section\" data-settings=\"{&quot;background_background&quot;:&quot;classic&quot;}\">\n\t\t\t\t\t\t<div class=\"elementor-container elementor-column-gap-extended\">\n\t\t\t\t\t<div class=\"elementor-column elementor-col-50 elementor-top-column elementor-element elementor-element-5cac02f sc_content_align_inherit sc_layouts_column_icons_position_left sc_fly_static\" data-id=\"5cac02f\" data-element_type=\"column\" data-e-type=\"column\">\n\t\t\t<div class=\"elementor-widget-wrap elementor-element-populated\">\n\t\t\t\t\t\t<section class=\"elementor-section elementor-inner-section elementor-element elementor-element-2e42aff elementor-section-boxed elementor-section-height-default elementor-section-height-default sc_fly_static\" data-id=\"2e42aff\" data-element_type=\"section\" data-e-type=\"section\">\n\t\t\t\t\t\t<div class=\"elementor-container elementor-column-gap-no\">\n\t\t\t\t\t<div class=\"elementor-column elementor-col-100 elementor-inner-column elementor-element elementor-element-dbe5aa7 sc_content_align_inherit sc_layouts_column_icons_position_left sc_fly_static\" data-id=\"dbe5aa7\" data-element_type=\"column\" data-e-type=\"column\">\n\t\t\t<div class=\"elementor-widget-wrap elementor-element-populated\">\n\t\t\t\t\t\t<div class=\"elementor-element elementor-element-59c9bc92 no-title sc_fly_static elementor-widget elementor-widget-image\" data-id=\"59c9bc92\" data-element_type=\"widget\" data-e-type=\"widget\" data-widget_type=\"image.default\">\n\t\t\t\t<div class=\"elementor-widget-container\">\n\t\t\t\t\t\t\t\t\t\t\t\t\t\t\t<img decoding=\"async\" src=\"https:\/\/paulinasalazar.com\/wp-content\/uploads\/elementor\/thumbs\/po-tellez-rd60hk6nob0u7ol1ftqkxunwqy25rjgca00ymbq0rq.png\" title=\"po-tellez\" alt=\"po-tellez\" loading=\"lazy\" \/>\t\t\t\t\t\t\t\t\t\t\t\t\t\t\t<\/div>\n\t\t\t\t<\/div>\n\t\t\t\t<div data-animation-type=\"block\" class=\"elementor-element elementor-element-c58709c elementor-widget__width-initial elementor-absolute elementor-widget-mobile__width-initial animation_type_block sc_fly_static elementor-invisible elementor-widget elementor-widget-image\" data-id=\"c58709c\" data-element_type=\"widget\" data-e-type=\"widget\" data-settings=\"{&quot;_position&quot;:&quot;absolute&quot;,&quot;_animation&quot;:&quot;chroma-infinite-rotate&quot;}\" data-widget_type=\"image.default\">\n\t\t\t\t<div class=\"elementor-widget-container\">\n\t\t\t\t\t\t\t\t\t\t\t\t\t\t\t<img fetchpriority=\"high\" decoding=\"async\" width=\"1181\" height=\"1181\" src=\"https:\/\/paulinasalazar.com\/wp-content\/uploads\/2025\/10\/sobre-nosotros.png\" class=\"attachment-full size-full wp-image-34218\" alt=\"\" srcset=\"https:\/\/paulinasalazar.com\/wp-content\/uploads\/2025\/10\/sobre-nosotros.png 1181w, https:\/\/paulinasalazar.com\/wp-content\/uploads\/2025\/10\/sobre-nosotros-300x300.png 300w, https:\/\/paulinasalazar.com\/wp-content\/uploads\/2025\/10\/sobre-nosotros-1024x1024.png 1024w, https:\/\/paulinasalazar.com\/wp-content\/uploads\/2025\/10\/sobre-nosotros-150x150.png 150w, https:\/\/paulinasalazar.com\/wp-content\/uploads\/2025\/10\/sobre-nosotros-768x768.png 768w, https:\/\/paulinasalazar.com\/wp-content\/uploads\/2025\/10\/sobre-nosotros-370x370.png 370w, https:\/\/paulinasalazar.com\/wp-content\/uploads\/2025\/10\/sobre-nosotros-120x120.png 120w, https:\/\/paulinasalazar.com\/wp-content\/uploads\/2025\/10\/sobre-nosotros-840x840.png 840w, https:\/\/paulinasalazar.com\/wp-content\/uploads\/2025\/10\/sobre-nosotros-410x410.png 410w\" sizes=\"(max-width: 1181px) 100vw, 1181px\" \/>\t\t\t\t\t\t\t\t\t\t\t\t\t\t\t<\/div>\n\t\t\t\t<\/div>\n\t\t\t\t\t<\/div>\n\t\t<\/div>\n\t\t\t\t\t<\/div>\n\t\t<\/section>\n\t\t\t\t<div class=\"elementor-element elementor-element-f5b5828 no-title sc_layouts_hide_on_mobile sc_fly_static elementor-widget elementor-widget-image\" data-id=\"f5b5828\" data-element_type=\"widget\" data-e-type=\"widget\" data-widget_type=\"image.default\">\n\t\t\t\t<div class=\"elementor-widget-container\">\n\t\t\t\t\t\t\t\t\t\t\t\t\t\t\t<img decoding=\"async\" width=\"1080\" height=\"1080\" src=\"https:\/\/paulinasalazar.com\/wp-content\/uploads\/2026\/02\/Paulina-Salazar.jpg\" class=\"attachment-full size-full wp-image-34759\" alt=\"\" srcset=\"https:\/\/paulinasalazar.com\/wp-content\/uploads\/2026\/02\/Paulina-Salazar.jpg 1080w, https:\/\/paulinasalazar.com\/wp-content\/uploads\/2026\/02\/Paulina-Salazar-300x300.jpg 300w, https:\/\/paulinasalazar.com\/wp-content\/uploads\/2026\/02\/Paulina-Salazar-1024x1024.jpg 1024w, https:\/\/paulinasalazar.com\/wp-content\/uploads\/2026\/02\/Paulina-Salazar-150x150.jpg 150w, https:\/\/paulinasalazar.com\/wp-content\/uploads\/2026\/02\/Paulina-Salazar-768x768.jpg 768w, https:\/\/paulinasalazar.com\/wp-content\/uploads\/2026\/02\/Paulina-Salazar-370x370.jpg 370w, https:\/\/paulinasalazar.com\/wp-content\/uploads\/2026\/02\/Paulina-Salazar-120x120.jpg 120w, https:\/\/paulinasalazar.com\/wp-content\/uploads\/2026\/02\/Paulina-Salazar-840x840.jpg 840w, https:\/\/paulinasalazar.com\/wp-content\/uploads\/2026\/02\/Paulina-Salazar-410x410.jpg 410w\" sizes=\"(max-width: 1080px) 100vw, 1080px\" \/>\t\t\t\t\t\t\t\t\t\t\t\t\t\t\t<\/div>\n\t\t\t\t<\/div>\n\t\t\t\t\t<\/div>\n\t\t<\/div>\n\t\t\t\t<div class=\"elementor-column elementor-col-50 elementor-top-column elementor-element elementor-element-71601c5f sc_content_align_inherit sc_layouts_column_icons_position_left sc_fly_static\" data-id=\"71601c5f\" data-element_type=\"column\" data-e-type=\"column\">\n\t\t\t<div class=\"elementor-widget-wrap elementor-element-populated\">\n\t\t\t\t\t\t<div class=\"elementor-element elementor-element-71086349 sc_fly_static elementor-widget elementor-widget-trx_sc_title\" data-id=\"71086349\" data-element_type=\"widget\" data-e-type=\"widget\" data-widget_type=\"trx_sc_title.default\">\n\t\t\t\t<div class=\"elementor-widget-container\">\n\t\t\t\t\t<div\t\tclass=\"sc_title sc_title_default\" ><span class=\"sc_item_subtitle sc_title_subtitle sc_item_subtitle_above sc_item_title_style_default\">Fot\u00f3grafa profesi\u00f3nal<\/span><h1 class=\"sc_item_title sc_title_title sc_item_title_style_default sc_item_title_tag\"\n\t\t\t><span class=\"sc_item_title_text\">Soy Paulina Salazar<\/span><\/h1><div class=\"sc_item_descr sc_title_descr\"><p>Fot\u00f3grafa de bodas con 5 a\u00f1os contando historias reales.<br \/>\nMi trabajo va de momentos espont\u00e1neos, abrazos honestos y besos inesperados. Me interesa capturar las miradas inc\u00f3modas, las risas nerviosas, el caos bonito, los silencios, los gestos peque\u00f1os que dicen m\u00e1s que cualquier pose rom\u00e1ntica.<\/p>\n<p>Fotograf\u00edo bodas desde un enfoque documental, observando y de ser necesario dirigiendo espor\u00e1dicamente, dejando que el d\u00eda ocurra tal como es. Me importa la verdad del momento, no hacerlo ver m\u00e1s dulce ni m\u00e1s perfecto de lo que fue. Prefiero una imagen honesta a una imagen melosa.<br \/>\nCreo en bodas vividas, no actuadas. En fotos que con los a\u00f1os no se sientan pasadas de moda, sino reales, crudas y llenas de memoria. <br \/>Mi objetivo no es que se vean \u201cbonitos\u201d, sino que se reconozcan.<br \/>\nSi buscas una fot\u00f3grafa que los deje ser, pero con un poco de direcci\u00f3n, muy probablemente conectemos. <\/p>\n<\/div><\/div>\t\t\t\t<\/div>\n\t\t\t\t<\/div>\n\t\t\t\t<div class=\"elementor-element elementor-element-36015aa6 sc_height_small sc_fly_static elementor-widget elementor-widget-spacer\" data-id=\"36015aa6\" data-element_type=\"widget\" data-e-type=\"widget\" data-widget_type=\"spacer.default\">\n\t\t\t\t<div class=\"elementor-widget-container\">\n\t\t\t\t\t\t\t<div class=\"elementor-spacer\">\n\t\t\t<div class=\"elementor-spacer-inner\"><\/div>\n\t\t<\/div>\n\t\t\t\t\t\t<\/div>\n\t\t\t\t<\/div>\n\t\t\t\t<div class=\"elementor-element elementor-element-bea8edd no-title sc_layouts_hide_on_mobile sc_fly_static elementor-widget elementor-widget-image\" data-id=\"bea8edd\" data-element_type=\"widget\" data-e-type=\"widget\" data-widget_type=\"image.default\">\n\t\t\t\t<div class=\"elementor-widget-container\">\n\t\t\t\t\t\t\t\t\t\t\t\t\t\t\t<img decoding=\"async\" width=\"1839\" height=\"1226\" src=\"https:\/\/paulinasalazar.com\/wp-content\/uploads\/2025\/10\/16.jpg\" class=\"attachment-full size-full wp-image-34243\" alt=\"\" srcset=\"https:\/\/paulinasalazar.com\/wp-content\/uploads\/2025\/10\/16.jpg 1839w, https:\/\/paulinasalazar.com\/wp-content\/uploads\/2025\/10\/16-300x200.jpg 300w, https:\/\/paulinasalazar.com\/wp-content\/uploads\/2025\/10\/16-1024x683.jpg 1024w, https:\/\/paulinasalazar.com\/wp-content\/uploads\/2025\/10\/16-768x512.jpg 768w, https:\/\/paulinasalazar.com\/wp-content\/uploads\/2025\/10\/16-1536x1024.jpg 1536w, https:\/\/paulinasalazar.com\/wp-content\/uploads\/2025\/10\/16-370x247.jpg 370w, https:\/\/paulinasalazar.com\/wp-content\/uploads\/2025\/10\/16-840x560.jpg 840w, https:\/\/paulinasalazar.com\/wp-content\/uploads\/2025\/10\/16-410x273.jpg 410w\" sizes=\"(max-width: 1839px) 100vw, 1839px\" \/>\t\t\t\t\t\t\t\t\t\t\t\t\t\t\t<\/div>\n\t\t\t\t<\/div>\n\t\t\t\t\t<\/div>\n\t\t<\/div>\n\t\t\t\t\t<\/div>\n\t\t<\/section>\n\t\t\t\t<section class=\"elementor-section elementor-top-section elementor-element elementor-element-683450a sc_layouts_hide_on_mobile elementor-section-boxed elementor-section-height-default elementor-section-height-default sc_fly_static\" data-id=\"683450a\" data-element_type=\"section\" data-e-type=\"section\">\n\t\t\t\t\t\t<div class=\"elementor-container elementor-column-gap-extended\">\n\t\t\t\t\t<div class=\"elementor-column elementor-col-100 elementor-top-column elementor-element elementor-element-6f04ec4 sc_content_align_inherit sc_layouts_column_icons_position_left sc_fly_static\" data-id=\"6f04ec4\" data-element_type=\"column\" data-e-type=\"column\">\n\t\t\t<div class=\"elementor-widget-wrap elementor-element-populated\">\n\t\t\t\t\t\t<div class=\"elementor-element elementor-element-c1d6ad7 sc_fly_static elementor-widget elementor-widget-trx_sc_title\" data-id=\"c1d6ad7\" data-element_type=\"widget\" data-e-type=\"widget\" data-widget_type=\"trx_sc_title.default\">\n\t\t\t\t<div class=\"elementor-widget-container\">\n\t\t\t\t\t<div\t\tclass=\"sc_title sc_title_default\" ><h1 class=\"sc_item_title sc_title_title sc_align_center sc_item_title_style_default sc_item_title_tag\"\n\t\t\t><span class=\"sc_item_title_text\">GALER\u00cdA<\/span><\/h1><\/div>\t\t\t\t<\/div>\n\t\t\t\t<\/div>\n\t\t\t\t\t<\/div>\n\t\t<\/div>\n\t\t\t\t\t<\/div>\n\t\t<\/section>\n\t\t\t\t<section class=\"elementor-section elementor-top-section elementor-element elementor-element-4d2db78 scheme_dark sc_layouts_hide_on_mobile elementor-section-boxed elementor-section-height-default elementor-section-height-default sc_fly_static\" data-id=\"4d2db78\" data-element_type=\"section\" data-e-type=\"section\" data-settings=\"{&quot;background_background&quot;:&quot;slideshow&quot;,&quot;background_slideshow_gallery&quot;:[{&quot;id&quot;:34242,&quot;url&quot;:&quot;https:\\\/\\\/paulinasalazar.com\\\/wp-content\\\/uploads\\\/2025\\\/10\\\/15.jpg&quot;},{&quot;id&quot;:34230,&quot;url&quot;:&quot;https:\\\/\\\/paulinasalazar.com\\\/wp-content\\\/uploads\\\/2025\\\/10\\\/3.jpg&quot;},{&quot;id&quot;:34232,&quot;url&quot;:&quot;https:\\\/\\\/paulinasalazar.com\\\/wp-content\\\/uploads\\\/2025\\\/10\\\/5.jpg&quot;},{&quot;id&quot;:34231,&quot;url&quot;:&quot;https:\\\/\\\/paulinasalazar.com\\\/wp-content\\\/uploads\\\/2025\\\/10\\\/4.jpg&quot;},{&quot;id&quot;:34239,&quot;url&quot;:&quot;https:\\\/\\\/paulinasalazar.com\\\/wp-content\\\/uploads\\\/2025\\\/10\\\/12.jpg&quot;},{&quot;id&quot;:34233,&quot;url&quot;:&quot;https:\\\/\\\/paulinasalazar.com\\\/wp-content\\\/uploads\\\/2025\\\/10\\\/6.jpg&quot;},{&quot;id&quot;:34246,&quot;url&quot;:&quot;https:\\\/\\\/paulinasalazar.com\\\/wp-content\\\/uploads\\\/2025\\\/10\\\/19.jpg&quot;},{&quot;id&quot;:34235,&quot;url&quot;:&quot;https:\\\/\\\/paulinasalazar.com\\\/wp-content\\\/uploads\\\/2025\\\/10\\\/8.jpg&quot;},{&quot;id&quot;:34244,&quot;url&quot;:&quot;https:\\\/\\\/paulinasalazar.com\\\/wp-content\\\/uploads\\\/2025\\\/10\\\/17.jpg&quot;},{&quot;id&quot;:34238,&quot;url&quot;:&quot;https:\\\/\\\/paulinasalazar.com\\\/wp-content\\\/uploads\\\/2025\\\/10\\\/11.jpg&quot;},{&quot;id&quot;:34241,&quot;url&quot;:&quot;https:\\\/\\\/paulinasalazar.com\\\/wp-content\\\/uploads\\\/2025\\\/10\\\/14.jpg&quot;},{&quot;id&quot;:34245,&quot;url&quot;:&quot;https:\\\/\\\/paulinasalazar.com\\\/wp-content\\\/uploads\\\/2025\\\/10\\\/18.jpg&quot;},{&quot;id&quot;:34247,&quot;url&quot;:&quot;https:\\\/\\\/paulinasalazar.com\\\/wp-content\\\/uploads\\\/2025\\\/10\\\/20.jpg&quot;}],&quot;background_slideshow_ken_burns&quot;:&quot;yes&quot;,&quot;background_slideshow_loop&quot;:&quot;yes&quot;,&quot;background_slideshow_slide_duration&quot;:5000,&quot;background_slideshow_slide_transition&quot;:&quot;fade&quot;,&quot;background_slideshow_transition_duration&quot;:500,&quot;background_slideshow_ken_burns_zoom_direction&quot;:&quot;in&quot;}\">\n\t\t\t\t\t\t\t<div class=\"elementor-background-overlay\"><\/div>\n\t\t\t\t\t\t\t<div class=\"elementor-container elementor-column-gap-extended\">\n\t\t\t\t\t<div class=\"elementor-column elementor-col-100 elementor-top-column elementor-element elementor-element-38137c7 sc_content_align_inherit sc_layouts_column_icons_position_left sc_fly_static\" data-id=\"38137c7\" data-element_type=\"column\" data-e-type=\"column\">\n\t\t\t<div class=\"elementor-widget-wrap elementor-element-populated\">\n\t\t\t\t\t\t<div class=\"elementor-element elementor-element-69f52a3 sc_height_huge sc_fly_static elementor-widget elementor-widget-spacer\" data-id=\"69f52a3\" data-element_type=\"widget\" data-e-type=\"widget\" data-widget_type=\"spacer.default\">\n\t\t\t\t<div class=\"elementor-widget-container\">\n\t\t\t\t\t\t\t<div class=\"elementor-spacer\">\n\t\t\t<div class=\"elementor-spacer-inner\"><\/div>\n\t\t<\/div>\n\t\t\t\t\t\t<\/div>\n\t\t\t\t<\/div>\n\t\t\t\t<div class=\"elementor-element elementor-element-dd431f1 sc_layouts_hide_on_tablet sc_layouts_hide_on_mobile sc_fly_static elementor-widget elementor-widget-spacer\" data-id=\"dd431f1\" data-element_type=\"widget\" data-e-type=\"widget\" data-widget_type=\"spacer.default\">\n\t\t\t\t<div class=\"elementor-widget-container\">\n\t\t\t\t\t\t\t<div class=\"elementor-spacer\">\n\t\t\t<div class=\"elementor-spacer-inner\"><\/div>\n\t\t<\/div>\n\t\t\t\t\t\t<\/div>\n\t\t\t\t<\/div>\n\t\t\t\t<div class=\"elementor-element elementor-element-be8c87b sc_height_huge sc_fly_static elementor-widget elementor-widget-spacer\" data-id=\"be8c87b\" data-element_type=\"widget\" data-e-type=\"widget\" data-widget_type=\"spacer.default\">\n\t\t\t\t<div class=\"elementor-widget-container\">\n\t\t\t\t\t\t\t<div class=\"elementor-spacer\">\n\t\t\t<div class=\"elementor-spacer-inner\"><\/div>\n\t\t<\/div>\n\t\t\t\t\t\t<\/div>\n\t\t\t\t<\/div>\n\t\t\t\t\t<\/div>\n\t\t<\/div>\n\t\t\t\t\t<\/div>\n\t\t<\/section>\n\t\t\t\t<section class=\"elementor-section elementor-top-section elementor-element elementor-element-d69d0ca elementor-section-boxed elementor-section-height-default elementor-section-height-default sc_fly_static\" data-id=\"d69d0ca\" data-element_type=\"section\" data-e-type=\"section\" data-settings=\"{&quot;background_background&quot;:&quot;classic&quot;}\">\n\t\t\t\t\t\t<div class=\"elementor-container elementor-column-gap-extended\">\n\t\t\t\t\t<div class=\"elementor-column elementor-col-50 elementor-top-column elementor-element elementor-element-14e3d43 sc_content_align_inherit sc_layouts_column_icons_position_left sc_fly_static\" data-id=\"14e3d43\" data-element_type=\"column\" data-e-type=\"column\">\n\t\t\t<div class=\"elementor-widget-wrap elementor-element-populated\">\n\t\t\t\t\t\t<div class=\"elementor-element elementor-element-b2b1aef no-title sc_fly_static elementor-widget elementor-widget-image\" data-id=\"b2b1aef\" data-element_type=\"widget\" data-e-type=\"widget\" data-widget_type=\"image.default\">\n\t\t\t\t<div class=\"elementor-widget-container\">\n\t\t\t\t\t\t\t\t\t\t\t\t\t\t\t<img loading=\"lazy\" decoding=\"async\" width=\"1116\" height=\"1688\" src=\"https:\/\/paulinasalazar.com\/wp-content\/uploads\/2025\/10\/23-1.jpg\" class=\"attachment-full size-full wp-image-34286\" alt=\"\" srcset=\"https:\/\/paulinasalazar.com\/wp-content\/uploads\/2025\/10\/23-1.jpg 1116w, https:\/\/paulinasalazar.com\/wp-content\/uploads\/2025\/10\/23-1-198x300.jpg 198w, https:\/\/paulinasalazar.com\/wp-content\/uploads\/2025\/10\/23-1-677x1024.jpg 677w, https:\/\/paulinasalazar.com\/wp-content\/uploads\/2025\/10\/23-1-768x1162.jpg 768w, https:\/\/paulinasalazar.com\/wp-content\/uploads\/2025\/10\/23-1-1016x1536.jpg 1016w, https:\/\/paulinasalazar.com\/wp-content\/uploads\/2025\/10\/23-1-370x560.jpg 370w, https:\/\/paulinasalazar.com\/wp-content\/uploads\/2025\/10\/23-1-840x1271.jpg 840w, https:\/\/paulinasalazar.com\/wp-content\/uploads\/2025\/10\/23-1-410x620.jpg 410w\" sizes=\"(max-width: 1116px) 100vw, 1116px\" \/>\t\t\t\t\t\t\t\t\t\t\t\t\t\t\t<\/div>\n\t\t\t\t<\/div>\n\t\t\t\t\t<\/div>\n\t\t<\/div>\n\t\t\t\t<div class=\"elementor-column elementor-col-50 elementor-top-column elementor-element elementor-element-0af4828 sc_content_align_inherit sc_layouts_column_icons_position_left sc_fly_static\" data-id=\"0af4828\" data-element_type=\"column\" data-e-type=\"column\">\n\t\t\t<div class=\"elementor-widget-wrap elementor-element-populated\">\n\t\t\t\t\t\t<div class=\"elementor-element elementor-element-3d5f0b0 sc_fly_static elementor-widget elementor-widget-trx_sc_title\" data-id=\"3d5f0b0\" data-element_type=\"widget\" data-e-type=\"widget\" data-widget_type=\"trx_sc_title.default\">\n\t\t\t\t<div class=\"elementor-widget-container\">\n\t\t\t\t\t<div\t\tclass=\"sc_title sc_title_default\" ><span class=\"sc_item_subtitle sc_title_subtitle sc_item_subtitle_above sc_item_title_style_default\">Videografo profesional<\/span><h1 class=\"sc_item_title sc_title_title sc_item_title_style_default sc_item_title_tag\"\n\t\t\t><span class=\"sc_item_title_text\">Hola soy Bruce Nava<\/span><\/h1><div class=\"sc_item_descr sc_title_descr\"><p>He documentado bodas desde hace 3 a\u00f1os, con la finalidad captar la esencia<br \/>\nde cada pareja en el d\u00eda m\u00e1s especial de su vida, haciendo hincapi\u00e9 en los detalles que tanto esfuerzo puso cada persona para reflejar su estilo y lo que siente por su ser amado.<br \/>\nCon un estilo documental, din\u00e1mico y sensible trato de transmitir todo lo sucedido tanto detr\u00e1s de bambalinas como la manera en que sus invitados disfrutaron de este evento tan especial para todos. <\/p>\n<\/div><\/div>\t\t\t\t<\/div>\n\t\t\t\t<\/div>\n\t\t\t\t<div class=\"elementor-element elementor-element-7584c15 sc_height_small sc_fly_static elementor-widget elementor-widget-spacer\" data-id=\"7584c15\" data-element_type=\"widget\" data-e-type=\"widget\" data-widget_type=\"spacer.default\">\n\t\t\t\t<div class=\"elementor-widget-container\">\n\t\t\t\t\t\t\t<div class=\"elementor-spacer\">\n\t\t\t<div class=\"elementor-spacer-inner\"><\/div>\n\t\t<\/div>\n\t\t\t\t\t\t<\/div>\n\t\t\t\t<\/div>\n\t\t\t\t<div class=\"elementor-element elementor-element-7fd6338 no-title sc_fly_static elementor-widget elementor-widget-image\" data-id=\"7fd6338\" data-element_type=\"widget\" data-e-type=\"widget\" data-widget_type=\"image.default\">\n\t\t\t\t<div class=\"elementor-widget-container\">\n\t\t\t\t\t\t\t\t\t\t\t\t\t\t\t<img loading=\"lazy\" decoding=\"async\" width=\"1280\" height=\"959\" src=\"https:\/\/paulinasalazar.com\/wp-content\/uploads\/2025\/10\/Bruce.jpeg\" class=\"attachment-full size-full wp-image-34217\" alt=\"\" srcset=\"https:\/\/paulinasalazar.com\/wp-content\/uploads\/2025\/10\/Bruce.jpeg 1280w, https:\/\/paulinasalazar.com\/wp-content\/uploads\/2025\/10\/Bruce-300x225.jpeg 300w, https:\/\/paulinasalazar.com\/wp-content\/uploads\/2025\/10\/Bruce-1024x767.jpeg 1024w, https:\/\/paulinasalazar.com\/wp-content\/uploads\/2025\/10\/Bruce-768x575.jpeg 768w, https:\/\/paulinasalazar.com\/wp-content\/uploads\/2025\/10\/Bruce-370x277.jpeg 370w, https:\/\/paulinasalazar.com\/wp-content\/uploads\/2025\/10\/Bruce-840x629.jpeg 840w, https:\/\/paulinasalazar.com\/wp-content\/uploads\/2025\/10\/Bruce-410x307.jpeg 410w\" sizes=\"(max-width: 1280px) 100vw, 1280px\" \/>\t\t\t\t\t\t\t\t\t\t\t\t\t\t\t<\/div>\n\t\t\t\t<\/div>\n\t\t\t\t\t<\/div>\n\t\t<\/div>\n\t\t\t\t\t<\/div>\n\t\t<\/section>\n\t\t\t\t<section class=\"elementor-section elementor-top-section elementor-element elementor-element-bc599b5 scheme_light elementor-section-boxed elementor-section-height-default elementor-section-height-default sc_fly_static\" data-id=\"bc599b5\" data-element_type=\"section\" data-e-type=\"section\" data-settings=\"{&quot;background_background&quot;:&quot;classic&quot;}\">\n\t\t\t\t\t\t<div class=\"elementor-container elementor-column-gap-extended\">\n\t\t\t\t\t<div class=\"elementor-column elementor-col-100 elementor-top-column elementor-element elementor-element-ba7b682 sc_content_align_inherit sc_layouts_column_icons_position_left sc_fly_static\" data-id=\"ba7b682\" data-element_type=\"column\" data-e-type=\"column\">\n\t\t\t<div class=\"elementor-widget-wrap elementor-element-populated\">\n\t\t\t\t\t\t<div class=\"elementor-element elementor-element-3c09267 sc_height_huge sc_fly_static elementor-widget elementor-widget-spacer\" data-id=\"3c09267\" data-element_type=\"widget\" data-e-type=\"widget\" data-widget_type=\"spacer.default\">\n\t\t\t\t<div class=\"elementor-widget-container\">\n\t\t\t\t\t\t\t<div class=\"elementor-spacer\">\n\t\t\t<div class=\"elementor-spacer-inner\"><\/div>\n\t\t<\/div>\n\t\t\t\t\t\t<\/div>\n\t\t\t\t<\/div>\n\t\t\t\t\t<\/div>\n\t\t<\/div>\n\t\t\t\t\t<\/div>\n\t\t<\/section>\n\t\t\t\t<section class=\"elementor-section elementor-top-section elementor-element elementor-element-9b2fbca scheme_dark elementor-section-full_width elementor-section-height-default elementor-section-height-default sc_fly_static\" data-id=\"9b2fbca\" data-element_type=\"section\" data-e-type=\"section\" data-settings=\"{&quot;background_background&quot;:&quot;classic&quot;}\">\n\t\t\t\t\t\t\t<div class=\"elementor-background-overlay\"><\/div>\n\t\t\t\t\t\t\t<div class=\"elementor-container elementor-column-gap-default\">\n\t\t\t\t\t<div class=\"elementor-column elementor-col-100 elementor-top-column elementor-element elementor-element-ca66166 sc_layouts_column_align_center sc_layouts_column sc-mobile_layouts_column_align_center sc_layouts_column sc_content_align_inherit sc_layouts_column_icons_position_left sc_fly_static\" data-id=\"ca66166\" data-element_type=\"column\" data-e-type=\"column\">\n\t\t\t<div class=\"elementor-widget-wrap elementor-element-populated\">\n\t\t\t\t\t\t<div class=\"elementor-element elementor-element-50a4c20 sc_fly_static elementor-widget elementor-widget-trx_widget_video\" data-id=\"50a4c20\" data-element_type=\"widget\" data-e-type=\"widget\" data-widget_type=\"trx_widget_video.default\">\n\t\t\t\t<div class=\"elementor-widget-container\">\n\t\t\t\t\t<div class=\"widget_area sc_widget_video\"><aside class=\"widget widget_video\"><div id=\"sc_video_269391111\" class=\"trx_addons_video_player with_cover hover_play\"><img loading=\"lazy\" decoding=\"async\" src=\"\/\/paulinasalazar.com\/wp-content\/uploads\/2026\/02\/video-maria--840x465.png\" alt=\"Video cover\" width=\"840\" height=\"465\"><div class=\"video_mask\"><\/div><div class=\"video_hover\" data-video=\"&lt;video autoplay=&quot;autoplay&quot; onloadeddata=&quot;this.play();&quot; controls=&quot;controls&quot; loop=&quot;loop&quot; src=&quot;https:\/\/paulinasalazar.com\/wp-content\/uploads\/2026\/02\/Paulina-salazar.mp4&quot; width=&quot;1280&quot; height=&quot;720&quot; preload=&quot;metadata&quot;&gt;&lt;\/video&gt;\"><\/div><div class=\"video_embed video_frame\"><\/div><\/div><\/aside><\/div>\t\t\t\t<\/div>\n\t\t\t\t<\/div>\n\t\t\t\t\t<\/div>\n\t\t<\/div>\n\t\t\t\t\t<\/div>\n\t\t<\/section>\n\t\t\t\t<\/div>\n\t\t","protected":false},"excerpt":{"rendered":"<p>Fot\u00f3grafa profesi\u00f3nal Soy Paulina Salazar Fot\u00f3grafa de bodas con 5 a\u00f1os contando historias reales. Mi trabajo va de momentos espont\u00e1neos, abrazos honestos y besos inesperados. Me interesa capturar las miradas&hellip;<\/p>","protected":false},"author":1,"featured_media":0,"parent":0,"menu_order":0,"comment_status":"closed","ping_status":"closed","template":"","meta":{"_joinchat":[],"footnotes":""},"class_list":["post-19421","page","type-page","status-publish","hentry"],"_links":{"self":[{"href":"https:\/\/paulinasalazar.com\/en\/wp-json\/wp\/v2\/pages\/19421","targetHints":{"allow":["GET"]}}],"collection":[{"href":"https:\/\/paulinasalazar.com\/en\/wp-json\/wp\/v2\/pages"}],"about":[{"href":"https:\/\/paulinasalazar.com\/en\/wp-json\/wp\/v2\/types\/page"}],"author":[{"embeddable":true,"href":"https:\/\/paulinasalazar.com\/en\/wp-json\/wp\/v2\/users\/1"}],"replies":[{"embeddable":true,"href":"https:\/\/paulinasalazar.com\/en\/wp-json\/wp\/v2\/comments?post=19421"}],"version-history":[{"count":67,"href":"https:\/\/paulinasalazar.com\/en\/wp-json\/wp\/v2\/pages\/19421\/revisions"}],"predecessor-version":[{"id":34968,"href":"https:\/\/paulinasalazar.com\/en\/wp-json\/wp\/v2\/pages\/19421\/revisions\/34968"}],"wp:attachment":[{"href":"https:\/\/paulinasalazar.com\/en\/wp-json\/wp\/v2\/media?parent=19421"}],"curies":[{"name":"wp","href":"https:\/\/api.w.org\/{rel}","templated":true}]}}